{"id":107,"date":"2024-10-14T02:28:10","date_gmt":"2024-10-14T02:28:10","guid":{"rendered":"http:\/\/localhost\/?page_id=107"},"modified":"2024-11-14T10:58:33","modified_gmt":"2024-11-14T07:58:33","slug":"resurse","status":"publish","type":"page","link":"https:\/\/mentorbuilding.ro\/index.php\/resurse\/","title":{"rendered":"RESURSE"},"content":{"rendered":"\t\t<div data-elementor-type=\"wp-page\" data-elementor-id=\"107\" class=\"elementor elementor-107\">\n\t\t\t\t<div class=\"elementor-element elementor-element-1af214c e-flex e-con-boxed e-con e-parent\" data-id=\"1af214c\" data-element_type=\"container\">\n\t\t\t\t\t<div class=\"e-con-inner\">\n\t\t\t\t<div class=\"elementor-element elementor-element-81554ab elementor-widget elementor-widget-heading\" data-id=\"81554ab\" data-element_type=\"widget\" data-widget_type=\"heading.default\">\n\t\t\t\t<div class=\"elementor-widget-container\">\n\t\t\t<h2 class=\"elementor-heading-title elementor-size-default\">Locatii<\/h2>\t\t<\/div>\n\t\t\t\t<\/div>\n\t\t\t\t\t<\/div>\n\t\t\t\t<\/div>\n\t\t<div class=\"elementor-element elementor-element-0ee25f1 e-flex e-con-boxed e-con e-parent\" data-id=\"0ee25f1\" data-element_type=\"container\">\n\t\t\t\t\t<div class=\"e-con-inner\">\n\t\t\t\t<div class=\"elementor-element elementor-element-7f845e6 elementor-tabs-view-horizontal elementor-widget elementor-widget-tabs\" data-id=\"7f845e6\" data-element_type=\"widget\" data-widget_type=\"tabs.default\">\n\t\t\t\t<div class=\"elementor-widget-container\">\n\t\t\t\t\t<div class=\"elementor-tabs\">\n\t\t\t<div class=\"elementor-tabs-wrapper\" role=\"tablist\" >\n\t\t\t\t\t\t\t\t\t<div id=\"elementor-tab-title-1331\" class=\"elementor-tab-title elementor-tab-desktop-title\" aria-selected=\"true\" data-tab=\"1\" role=\"tab\" tabindex=\"0\" aria-controls=\"elementor-tab-content-1331\" aria-expanded=\"false\">Sediul companiei<\/div>\n\t\t\t\t\t\t\t\t\t<div id=\"elementor-tab-title-1332\" class=\"elementor-tab-title elementor-tab-desktop-title\" aria-selected=\"false\" data-tab=\"2\" role=\"tab\" tabindex=\"-1\" aria-controls=\"elementor-tab-content-1332\" aria-expanded=\"false\">Atelier de Productie<\/div>\n\t\t\t\t\t\t\t<\/div>\n\t\t\t<div class=\"elementor-tabs-content-wrapper\" role=\"tablist\" aria-orientation=\"vertical\">\n\t\t\t\t\t\t\t\t\t<div class=\"elementor-tab-title elementor-tab-mobile-title\" aria-selected=\"true\" data-tab=\"1\" role=\"tab\" tabindex=\"0\" aria-controls=\"elementor-tab-content-1331\" aria-expanded=\"false\">Sediul companiei<\/div>\n\t\t\t\t\t<div id=\"elementor-tab-content-1331\" class=\"elementor-tab-content elementor-clearfix\" data-tab=\"1\" role=\"tabpanel\" aria-labelledby=\"elementor-tab-title-1331\" tabindex=\"0\" hidden=\"false\"><div style=\"text-align: center; padding: 20px; background-color: #f9f9f9; border-radius: 8px; box-shadow: 0 2px 10px rgba(0, 0, 0, 0.1);\">\n\n<strong style=\"font-size: 24px; display: block; margin-bottom: 10px;\">Sediul Companiei<\/strong>\n<p style=\"font-size: 16px; line-height: 1.6; margin: 10px 0;\">Situat \u00een Bradu, sediul principal al companiei noastre ofer\u0103 un spa\u021biu administrativ modern, unde se desf\u0103\u0219oar\u0103 activit\u0103\u021bile de coordonare \u0219i planificare a proiectelor. Aici se reg\u0103sesc birourile de management, logistica \u0219i proiectare, asigur\u00e2nd comunicarea \u0219i eficien\u021ba necesare derul\u0103rii optime a lucr\u0103rilor de construc\u021bie.<\/p>\n\n<div style=\"display: flex; justify-content: center; gap: 20px;\">\n    <img decoding=\"async\" style=\"width: 300px; height: auto; border: 5px solid #efc649; border-radius: 5px;\" src=\"https:\/\/mentorbuilding.ro\/wp-content\/uploads\/2024\/11\/7R_05236-scaled.jpg\" alt=\"Sediul Companiei 1\" \/>\n    <img decoding=\"async\" style=\"width: 300px; height: auto; border: 5px solid #efc649; border-radius: 5px;\" src=\"https:\/\/mentorbuilding.ro\/wp-content\/uploads\/2024\/11\/7R_05412-scaled.jpg\" alt=\"Sediul Companiei 2\" \/>\n<\/div>\n\n<\/div>\n<\/div>\n\t\t\t\t\t\t\t\t\t<div class=\"elementor-tab-title elementor-tab-mobile-title\" aria-selected=\"false\" data-tab=\"2\" role=\"tab\" tabindex=\"-1\" aria-controls=\"elementor-tab-content-1332\" aria-expanded=\"false\">Atelier de Productie<\/div>\n\t\t\t\t\t<div id=\"elementor-tab-content-1332\" class=\"elementor-tab-content elementor-clearfix\" data-tab=\"2\" role=\"tabpanel\" aria-labelledby=\"elementor-tab-title-1332\" tabindex=\"0\" hidden=\"hidden\"><div style=\"text-align: center; padding: 20px; background-color: #f9f9f9; border-radius: 8px; box-shadow: 0 2px 10px rgba(0, 0, 0, 0.1);\">\n  <strong style=\"font-size: 24px; display: block; margin-bottom: 10px;\">Atelier de Productie<\/strong>\n  <p style=\"font-size: 16px; line-height: 1.6; margin: 10px 0;\">Atelierul de produc\u021bie din Bascov este dotat cu echipamente moderne \u0219i facilit\u0103\u021bi necesare pentru fabricarea componentelor structurale \u0219i prelucrarea materialelor, asigur\u00e2nd astfel calitatea \u0219i eficien\u021ba execu\u021biilor.<\/p>\n  <div style=\"display: flex; justify-content: center; gap: 20px;\">\n    <img decoding=\"async\" style=\"width: 300px; height: auto; border: 5px solid #efc649; border-radius: 5px;\" src=\"https:\/\/mentorbuilding.ro\/wp-content\/uploads\/2024\/11\/7R_05218-scaled.jpg\" alt=\"Atelier de Produc\u021bie 1\" \/>\n    <img decoding=\"async\" style=\"width: 300px; height: auto; border: 5px solid #efc649; border-radius: 5px;\" src=\"https:\/\/mentorbuilding.ro\/wp-content\/uploads\/2024\/11\/7R_05219-scaled.jpg\" alt=\"Atelier de Produc\u021bie 2\" \/>\n  <\/div>\n<\/div>\n<\/div>\n\t\t\t\t\t\t\t<\/div>\n\t\t<\/div>\n\t\t\t\t<\/div>\n\t\t\t\t<\/div>\n\t\t\t\t\t<\/div>\n\t\t\t\t<\/div>\n\t\t<div class=\"elementor-element elementor-element-25b9200 e-flex e-con-boxed e-con e-parent\" data-id=\"25b9200\" data-element_type=\"container\">\n\t\t\t\t\t<div class=\"e-con-inner\">\n\t\t\t\t<div class=\"elementor-element elementor-element-6740f22 elementor-widget elementor-widget-spacer\" data-id=\"6740f22\" data-element_type=\"widget\" data-widget_type=\"spacer.default\">\n\t\t\t\t<div class=\"elementor-widget-container\">\n\t\t\t\t\t<div class=\"elementor-spacer\">\n\t\t\t<div class=\"elementor-spacer-inner\"><\/div>\n\t\t<\/div>\n\t\t\t\t<\/div>\n\t\t\t\t<\/div>\n\t\t\t\t\t<\/div>\n\t\t\t\t<\/div>\n\t\t<div class=\"elementor-element elementor-element-17897b1 e-flex e-con-boxed e-con e-parent\" data-id=\"17897b1\" data-element_type=\"container\">\n\t\t\t\t\t<div class=\"e-con-inner\">\n\t\t\t\t<div class=\"elementor-element elementor-element-b01a004 elementor-widget elementor-widget-heading\" data-id=\"b01a004\" data-element_type=\"widget\" data-widget_type=\"heading.default\">\n\t\t\t\t<div class=\"elementor-widget-container\">\n\t\t\t<h2 class=\"elementor-heading-title elementor-size-default\">Parc Auto + Utilaje<\/h2>\t\t<\/div>\n\t\t\t\t<\/div>\n\t\t\t\t\t<\/div>\n\t\t\t\t<\/div>\n\t\t<div class=\"elementor-element elementor-element-081f198 e-flex e-con-boxed e-con e-parent\" data-id=\"081f198\" data-element_type=\"container\">\n\t\t\t\t\t<div class=\"e-con-inner\">\n\t\t\t\t<div class=\"elementor-element elementor-element-ea777b3 elementor-tabs-view-horizontal elementor-widget elementor-widget-tabs\" data-id=\"ea777b3\" data-element_type=\"widget\" data-widget_type=\"tabs.default\">\n\t\t\t\t<div class=\"elementor-widget-container\">\n\t\t\t\t\t<div class=\"elementor-tabs\">\n\t\t\t<div class=\"elementor-tabs-wrapper\" role=\"tablist\" >\n\t\t\t\t\t\t\t\t\t<div id=\"elementor-tab-title-2451\" class=\"elementor-tab-title elementor-tab-desktop-title\" aria-selected=\"true\" data-tab=\"1\" role=\"tab\" tabindex=\"0\" aria-controls=\"elementor-tab-content-2451\" aria-expanded=\"false\">Parc Auto<\/div>\n\t\t\t\t\t\t\t\t\t<div id=\"elementor-tab-title-2452\" class=\"elementor-tab-title elementor-tab-desktop-title\" aria-selected=\"false\" data-tab=\"2\" role=\"tab\" tabindex=\"-1\" aria-controls=\"elementor-tab-content-2452\" aria-expanded=\"false\">Utilaje<\/div>\n\t\t\t\t\t\t\t\t\t<div id=\"elementor-tab-title-2453\" class=\"elementor-tab-title elementor-tab-desktop-title\" aria-selected=\"false\" data-tab=\"3\" role=\"tab\" tabindex=\"-1\" aria-controls=\"elementor-tab-content-2453\" aria-expanded=\"false\">Echipamente<\/div>\n\t\t\t\t\t\t\t<\/div>\n\t\t\t<div class=\"elementor-tabs-content-wrapper\" role=\"tablist\" aria-orientation=\"vertical\">\n\t\t\t\t\t\t\t\t\t<div class=\"elementor-tab-title elementor-tab-mobile-title\" aria-selected=\"true\" data-tab=\"1\" role=\"tab\" tabindex=\"0\" aria-controls=\"elementor-tab-content-2451\" aria-expanded=\"false\">Parc Auto<\/div>\n\t\t\t\t\t<div id=\"elementor-tab-content-2451\" class=\"elementor-tab-content elementor-clearfix\" data-tab=\"1\" role=\"tabpanel\" aria-labelledby=\"elementor-tab-title-2451\" tabindex=\"0\" hidden=\"false\"><div style=\"text-align: center; padding: 20px; background-color: #f9f9f9; border-radius: 8px; box-shadow: 0 2px 10px rgba(0, 0, 0, 0.1);\">\n\n<strong style=\"font-size: 24px; display: block; margin-bottom: 10px;\">Parc Auto<\/strong>\n<p style=\"font-size: 16px; line-height: 1.6; margin: 10px 0;\">Parc auto extins, compus din peste 30 de autovehicule, inclusiv dube, bene \u0219i ma\u0219ini utilitare, toate dedicate transportului de materiale \u0219i logisticii de \u0219antier.<\/p>\n<img decoding=\"async\" style=\"width: 300px; height: auto; border: 5px solid #efc649; border-radius: 5px;\" src=\"https:\/\/mentorbuilding.ro\/wp-content\/uploads\/2024\/11\/Dacia-flota-vehicule-inlocuire.jpg\" alt=\"Parc Auto\" \/>\n\n<\/div><\/div>\n\t\t\t\t\t\t\t\t\t<div class=\"elementor-tab-title elementor-tab-mobile-title\" aria-selected=\"false\" data-tab=\"2\" role=\"tab\" tabindex=\"-1\" aria-controls=\"elementor-tab-content-2452\" aria-expanded=\"false\">Utilaje<\/div>\n\t\t\t\t\t<div id=\"elementor-tab-content-2452\" class=\"elementor-tab-content elementor-clearfix\" data-tab=\"2\" role=\"tabpanel\" aria-labelledby=\"elementor-tab-title-2452\" tabindex=\"0\" hidden=\"hidden\"><div style=\"text-align: center; padding: 20px; background-color: #f9f9f9; border-radius: 8px; box-shadow: 0 2px 10px rgba(0, 0, 0, 0.1);\"><p><strong style=\"font-size: 24px; display: block; margin-bottom: 10px;\">Utilaje<\/strong><\/p><p style=\"font-size: 16px; line-height: 1.6; margin: 10px 0;\">Utilaje performante, incluz\u00e2nd nacele, buldozere \u0219i stivuitoare, oferind sprijin esen\u021bial pentru eficien\u021ba \u0219i precizia proiectelor de construc\u021bie.<\/p><p><img decoding=\"async\" style=\"width: 300px; height: auto; border: 5px solid #efc649; border-radius: 5px;\" src=\"https:\/\/mentorbuilding.ro\/wp-content\/uploads\/2024\/11\/7R_05216-scaled.jpg\" alt=\"Utilaje\" \/><\/p><\/div><\/div>\n\t\t\t\t\t\t\t\t\t<div class=\"elementor-tab-title elementor-tab-mobile-title\" aria-selected=\"false\" data-tab=\"3\" role=\"tab\" tabindex=\"-1\" aria-controls=\"elementor-tab-content-2453\" aria-expanded=\"false\">Echipamente<\/div>\n\t\t\t\t\t<div id=\"elementor-tab-content-2453\" class=\"elementor-tab-content elementor-clearfix\" data-tab=\"3\" role=\"tabpanel\" aria-labelledby=\"elementor-tab-title-2453\" tabindex=\"0\" hidden=\"hidden\"><div style=\"text-align: center; padding: 20px; background-color: #f9f9f9; border-radius: 8px; box-shadow: 0 2px 10px rgba(0, 0, 0, 0.1);\"><p><strong style=\"font-size: 24px; display: block; margin-bottom: 10px;\">Echipamente<\/strong><\/p><p style=\"font-size: 16px; line-height: 1.6; margin: 10px 0;\">Compania noastr\u0103 dispune de echipamente moderne pentru atelierul de produc\u021bie, cum ar fi freze industriale, ma\u0219ini de asamblat, echipamente de strung\u0103rie \u0219i sudur\u0103, toate esen\u021biale pentru execu\u021bia lucr\u0103rilor de \u00eenalt\u0103 precizie.<\/p><p style=\"font-size: 16px; line-height: 1.6; margin: 10px 0;\">Aceste echipamente ne permit s\u0103 r\u0103spundem cerin\u021belor complexe ale proiectelor noastre, asigur\u00e2ndu-ne c\u0103 fiecare detaliu este realizat cu profesionalism \u0219i aten\u021bie maxim\u0103.<\/p><p><img decoding=\"async\" class=\"alignnone size-medium wp-image-585\" style=\"width: 300px; height: 200px; border: 5px solid #efc649; border-radius: 5px;\" src=\"https:\/\/mentorbuilding.ro\/wp-content\/uploads\/2024\/11\/7R_05221-scaled.jpg\" alt=\"Echipamente\" \/><\/p><\/div><\/div>\n\t\t\t\t\t\t\t<\/div>\n\t\t<\/div>\n\t\t\t\t<\/div>\n\t\t\t\t<\/div>\n\t\t\t\t\t<\/div>\n\t\t\t\t<\/div>\n\t\t<div class=\"elementor-element elementor-element-5fc40c6 e-flex e-con-boxed e-con e-parent\" data-id=\"5fc40c6\" data-element_type=\"container\">\n\t\t\t\t\t<div class=\"e-con-inner\">\n\t\t\t\t<div class=\"elementor-element elementor-element-b5556bf elementor-widget elementor-widget-spacer\" data-id=\"b5556bf\" data-element_type=\"widget\" data-widget_type=\"spacer.default\">\n\t\t\t\t<div class=\"elementor-widget-container\">\n\t\t\t\t\t<div class=\"elementor-spacer\">\n\t\t\t<div class=\"elementor-spacer-inner\"><\/div>\n\t\t<\/div>\n\t\t\t\t<\/div>\n\t\t\t\t<\/div>\n\t\t\t\t<div class=\"elementor-element elementor-element-2c3996b elementor-widget elementor-widget-heading\" data-id=\"2c3996b\" data-element_type=\"widget\" data-widget_type=\"heading.default\">\n\t\t\t\t<div class=\"elementor-widget-container\">\n\t\t\t<h2 class=\"elementor-heading-title elementor-size-default\">Experienta<\/h2>\t\t<\/div>\n\t\t\t\t<\/div>\n\t\t\t\t<div class=\"elementor-element elementor-element-7390ab1 elementor-tabs-view-horizontal elementor-widget elementor-widget-tabs\" data-id=\"7390ab1\" data-element_type=\"widget\" data-widget_type=\"tabs.default\">\n\t\t\t\t<div class=\"elementor-widget-container\">\n\t\t\t\t\t<div class=\"elementor-tabs\">\n\t\t\t<div class=\"elementor-tabs-wrapper\" role=\"tablist\" >\n\t\t\t\t\t\t\t\t\t<div id=\"elementor-tab-title-1211\" class=\"elementor-tab-title elementor-tab-desktop-title\" aria-selected=\"true\" data-tab=\"1\" role=\"tab\" tabindex=\"0\" aria-controls=\"elementor-tab-content-1211\" aria-expanded=\"false\">Perioada de activitate<\/div>\n\t\t\t\t\t\t\t\t\t<div id=\"elementor-tab-title-1212\" class=\"elementor-tab-title elementor-tab-desktop-title\" aria-selected=\"false\" data-tab=\"2\" role=\"tab\" tabindex=\"-1\" aria-controls=\"elementor-tab-content-1212\" aria-expanded=\"false\">Distinctii<\/div>\n\t\t\t\t\t\t\t<\/div>\n\t\t\t<div class=\"elementor-tabs-content-wrapper\" role=\"tablist\" aria-orientation=\"vertical\">\n\t\t\t\t\t\t\t\t\t<div class=\"elementor-tab-title elementor-tab-mobile-title\" aria-selected=\"true\" data-tab=\"1\" role=\"tab\" tabindex=\"0\" aria-controls=\"elementor-tab-content-1211\" aria-expanded=\"false\">Perioada de activitate<\/div>\n\t\t\t\t\t<div id=\"elementor-tab-content-1211\" class=\"elementor-tab-content elementor-clearfix\" data-tab=\"1\" role=\"tabpanel\" aria-labelledby=\"elementor-tab-title-1211\" tabindex=\"0\" hidden=\"false\"><div style=\"text-align: center; padding: 20px; background-color: #f9f9f9; border-radius: 8px; box-shadow: 0 2px 10px rgba(0, 0, 0, 0.1);\">\n\n<strong style=\"font-size: 24px; display: block; margin-bottom: 10px;\">Experien\u021b\u0103<\/strong>\n<p style=\"font-size: 16px; line-height: 1.6; margin: 10px 0;\">Cu o experien\u021b\u0103 de peste 20 de ani \u00een domeniul construc\u021biilor civile \u0219i industriale, MENTOR Building a devenit un nume de referin\u021b\u0103 \u00een industrie. Acumul\u00e2nd o vast\u0103 expertiz\u0103, echipa noastr\u0103 abordeaz\u0103 fiecare proiect cu dedica\u021bie \u0219i profesionalism, asigur\u00e2ndu-se c\u0103 livr\u0103m lucr\u0103ri de calitate superioar\u0103.<\/p>\n<p style=\"font-size: 16px; line-height: 1.6; margin: 10px 0;\">Fiecare proiect este realizat cu maxim\u0103 aten\u021bie la detalii \u0219i respectarea celor mai \u00eenalte standarde de calitate, av\u00e2nd \u00eentotdeauna \u00een vedere satisfac\u021bia clien\u021bilor.<\/p>\n<img decoding=\"async\" class=\"alignnone size-medium wp-image-585\" style=\"width: 300px; height: 200px; border: 5px solid #efc649; border-radius: 5px;\" src=\"https:\/\/mentorbuilding.ro\/wp-content\/uploads\/2024\/11\/7R_05433-scaled.jpg\" alt=\"Experien\u021b\u0103\" \/>\n\n<\/div><\/div>\n\t\t\t\t\t\t\t\t\t<div class=\"elementor-tab-title elementor-tab-mobile-title\" aria-selected=\"false\" data-tab=\"2\" role=\"tab\" tabindex=\"-1\" aria-controls=\"elementor-tab-content-1212\" aria-expanded=\"false\">Distinctii<\/div>\n\t\t\t\t\t<div id=\"elementor-tab-content-1212\" class=\"elementor-tab-content elementor-clearfix\" data-tab=\"2\" role=\"tabpanel\" aria-labelledby=\"elementor-tab-title-1212\" tabindex=\"0\" hidden=\"hidden\"><div style=\"text-align: center; padding: 20px; background-color: #f9f9f9; border-radius: 8px; box-shadow: 0 2px 10px rgba(0, 0, 0, 0.1);\">\n\n<strong style=\"font-size: 24px; display: block; margin-bottom: 10px;\">Distinc\u021bii<\/strong>\n<p style=\"font-size: 16px; line-height: 1.6; margin: 10px 0;\">\u00cen ultimii trei ani consecutivi, MENTOR Building a ob\u021binut Locul 1 pe codul CAEN 43 &#8211; Lucr\u0103ri speciale de construc\u021bii, \u00een jude\u021bul Arge\u0219, fiind recunoscut\u0103 pentru performan\u021ba \u0219i excelen\u021ba constant\u0103 \u00een domeniul construc\u021biilor. Aceste premii sunt un semn al angajamentului nostru fa\u021b\u0103 de calitate.<\/p>\n<p style=\"font-size: 16px; line-height: 1.6; margin: 10px 0;\">Datorit\u0103 acestor realiz\u0103ri, MENTOR Building continu\u0103 s\u0103 fie un lider \u00een industrie, av\u00e2nd \u00eencrederea clien\u021bilor \u0219i partenerilor \u00een fiecare proiect pe care \u00eel desf\u0103\u0219oar\u0103.<\/p>\n<img decoding=\"async\" class=\"alignnone size-medium wp-image-586\" style=\"width: 300px; height: 200px; border: 5px solid #efc649; border-radius: 5px;\" src=\"https:\/\/mentorbuilding.ro\/wp-content\/uploads\/2024\/11\/7R_05432-scaled.jpg\" alt=\"Distinc\u021bii\" \/>\n\n<\/div><\/div>\n\t\t\t\t\t\t\t<\/div>\n\t\t<\/div>\n\t\t\t\t<\/div>\n\t\t\t\t<\/div>\n\t\t\t\t\t<\/div>\n\t\t\t\t<\/div>\n\t\t\t\t<\/div>\n\t\t","protected":false},"excerpt":{"rendered":"<p>Locatii Sediul companiei Atelier de Productie Sediul companiei Sediul Companiei Situat \u00een Bradu, sediul principal al companiei noastre ofer\u0103 un spa\u021biu administrativ [&hellip;]<\/p>\n","protected":false},"author":1,"featured_media":0,"parent":0,"menu_order":0,"comment_status":"closed","ping_status":"closed","template":"elementor_header_footer","meta":{"_vp_format_video_url":"","_vp_image_focal_point":[],"footnotes":""},"class_list":["post-107","page","type-page","status-publish","hentry"],"_links":{"self":[{"href":"https:\/\/mentorbuilding.ro\/index.php\/wp-json\/wp\/v2\/pages\/107","targetHints":{"allow":["GET"]}}],"collection":[{"href":"https:\/\/mentorbuilding.ro\/index.php\/wp-json\/wp\/v2\/pages"}],"about":[{"href":"https:\/\/mentorbuilding.ro\/index.php\/wp-json\/wp\/v2\/types\/page"}],"author":[{"embeddable":true,"href":"https:\/\/mentorbuilding.ro\/index.php\/wp-json\/wp\/v2\/users\/1"}],"replies":[{"embeddable":true,"href":"https:\/\/mentorbuilding.ro\/index.php\/wp-json\/wp\/v2\/comments?post=107"}],"version-history":[{"count":71,"href":"https:\/\/mentorbuilding.ro\/index.php\/wp-json\/wp\/v2\/pages\/107\/revisions"}],"predecessor-version":[{"id":739,"href":"https:\/\/mentorbuilding.ro\/index.php\/wp-json\/wp\/v2\/pages\/107\/revisions\/739"}],"wp:attachment":[{"href":"https:\/\/mentorbuilding.ro\/index.php\/wp-json\/wp\/v2\/media?parent=107"}],"curies":[{"name":"wp","href":"https:\/\/api.w.org\/{rel}","templated":true}]}}