{"id":105,"date":"2024-10-14T02:26:46","date_gmt":"2024-10-14T02:26:46","guid":{"rendered":"http:\/\/localhost\/?page_id=105"},"modified":"2024-10-16T17:54:37","modified_gmt":"2024-10-16T14:54:37","slug":"cariere","status":"publish","type":"page","link":"https:\/\/mentorbuilding.ro\/index.php\/cariere\/","title":{"rendered":"CARIERE"},"content":{"rendered":"\t\t<div data-elementor-type=\"wp-page\" data-elementor-id=\"105\" class=\"elementor elementor-105\">\n\t\t\t\t<div class=\"elementor-element elementor-element-55db741 e-flex e-con-boxed e-con e-parent\" data-id=\"55db741\" data-element_type=\"container\">\n\t\t\t\t\t<div class=\"e-con-inner\">\n\t\t\t\t<div class=\"elementor-element elementor-element-47cb55b elementor-widget elementor-widget-heading\" data-id=\"47cb55b\" data-element_type=\"widget\" data-widget_type=\"heading.default\">\n\t\t\t\t<div class=\"elementor-widget-container\">\n\t\t\t<h2 class=\"elementor-heading-title elementor-size-default\">MENTOR Building angajeaza! <\/h2>\t\t<\/div>\n\t\t\t\t<\/div>\n\t\t\t\t\t<\/div>\n\t\t\t\t<\/div>\n\t\t<div class=\"elementor-element elementor-element-2f48f6b e-flex e-con-boxed e-con e-parent\" data-id=\"2f48f6b\" data-element_type=\"container\">\n\t\t\t\t\t<div class=\"e-con-inner\">\n\t\t\t\t<div class=\"elementor-element elementor-element-069db74 elementor-widget elementor-widget-text-editor\" data-id=\"069db74\" data-element_type=\"widget\" data-widget_type=\"text-editor.default\">\n\t\t\t\t<div class=\"elementor-widget-container\">\n\t\t\t\t\t\t\t<p>C\u0103ut\u0103m oameni pasiona\u021bi \u0219i dedica\u021bi care doresc s\u0103 fac\u0103 parte dintr-o echip\u0103 profesionist\u0103, \u00eentr-un mediu dinamic \u0219i plin de oportunit\u0103\u021bi. Dac\u0103 vrei un loc de munc\u0103 stabil \u0219i un <strong>salariu atractiv<\/strong>, al\u0103turi de \u0219ansa de a te dezvolta profesional, <strong>MENTOR Building<\/strong> este locul perfect pentru tine!<\/p>\t\t\t\t\t\t<\/div>\n\t\t\t\t<\/div>\n\t\t\t\t\t<\/div>\n\t\t\t\t<\/div>\n\t\t<div class=\"elementor-element elementor-element-3b683c2 e-flex e-con-boxed e-con e-parent\" data-id=\"3b683c2\" data-element_type=\"container\">\n\t\t\t\t\t<div class=\"e-con-inner\">\n\t\t\t\t<div class=\"elementor-element elementor-element-eec4dba elementor-widget elementor-widget-heading\" data-id=\"eec4dba\" data-element_type=\"widget\" data-widget_type=\"heading.default\">\n\t\t\t\t<div class=\"elementor-widget-container\">\n\t\t\t<h3 class=\"elementor-heading-title elementor-size-default\">Posturi disponibile:<\/h3>\t\t<\/div>\n\t\t\t\t<\/div>\n\t\t\t\t\t<\/div>\n\t\t\t\t<\/div>\n\t\t<div class=\"elementor-element elementor-element-d7ed987 e-flex e-con-boxed e-con e-parent\" data-id=\"d7ed987\" data-element_type=\"container\">\n\t\t\t\t\t<div class=\"e-con-inner\">\n\t\t\t\t<div class=\"elementor-element elementor-element-622b0b3 elementor-widget elementor-widget-text-editor\" data-id=\"622b0b3\" data-element_type=\"widget\" data-widget_type=\"text-editor.default\">\n\t\t\t\t<div class=\"elementor-widget-container\">\n\t\t\t\t\t\t\t<h4><span style=\"color: #efc649;\">-Devizier<\/span><\/h4><h4><span style=\"color: #efc649;\">-Montator Tamplarie pe Atelier<\/span><\/h4><h4><span style=\"color: #efc649;\">-Montator Tamplarie pe Teren<\/span><\/h4>\t\t\t\t\t\t<\/div>\n\t\t\t\t<\/div>\n\t\t\t\t\t<\/div>\n\t\t\t\t<\/div>\n\t\t<div class=\"elementor-element elementor-element-d73a603 e-flex e-con-boxed e-con e-parent\" data-id=\"d73a603\" data-element_type=\"container\">\n\t\t\t\t\t<div class=\"e-con-inner\">\n\t\t\t\t<div class=\"elementor-element elementor-element-19881d7 elementor-widget elementor-widget-text-editor\" data-id=\"19881d7\" data-element_type=\"widget\" data-widget_type=\"text-editor.default\">\n\t\t\t\t<div class=\"elementor-widget-container\">\n\t\t\t\t\t\t\t<h5>Pentru a afla mai multe detalii \u0219i pentru a v\u0103 al\u0103tura echipei noastre, ne pute\u021bi contacta la num\u0103rul de telefon <span style=\"color: #244a8f;\"><strong>0749119103<\/strong><\/span>.<\/h5><p>A\u0219tept\u0103m cu ner\u0103bdare s\u0103 discut\u0103m despre oportunit\u0103\u021bile de colaborare!<\/p>\t\t\t\t\t\t<\/div>\n\t\t\t\t<\/div>\n\t\t\t\t\t<\/div>\n\t\t\t\t<\/div>\n\t\t\t\t<\/div>\n\t\t","protected":false},"excerpt":{"rendered":"<p>MENTOR Building angajeaza! C\u0103ut\u0103m oameni pasiona\u021bi \u0219i dedica\u021bi care doresc s\u0103 fac\u0103 parte dintr-o echip\u0103 profesionist\u0103, \u00eentr-un mediu dinamic \u0219i plin de [&hellip;]<\/p>\n","protected":false},"author":1,"featured_media":0,"parent":0,"menu_order":0,"comment_status":"closed","ping_status":"closed","template":"elementor_header_footer","meta":{"_vp_format_video_url":"","_vp_image_focal_point":[],"footnotes":""},"class_list":["post-105","page","type-page","status-publish","hentry"],"_links":{"self":[{"href":"https:\/\/mentorbuilding.ro\/index.php\/wp-json\/wp\/v2\/pages\/105","targetHints":{"allow":["GET"]}}],"collection":[{"href":"https:\/\/mentorbuilding.ro\/index.php\/wp-json\/wp\/v2\/pages"}],"about":[{"href":"https:\/\/mentorbuilding.ro\/index.php\/wp-json\/wp\/v2\/types\/page"}],"author":[{"embeddable":true,"href":"https:\/\/mentorbuilding.ro\/index.php\/wp-json\/wp\/v2\/users\/1"}],"replies":[{"embeddable":true,"href":"https:\/\/mentorbuilding.ro\/index.php\/wp-json\/wp\/v2\/comments?post=105"}],"version-history":[{"count":15,"href":"https:\/\/mentorbuilding.ro\/index.php\/wp-json\/wp\/v2\/pages\/105\/revisions"}],"predecessor-version":[{"id":417,"href":"https:\/\/mentorbuilding.ro\/index.php\/wp-json\/wp\/v2\/pages\/105\/revisions\/417"}],"wp:attachment":[{"href":"https:\/\/mentorbuilding.ro\/index.php\/wp-json\/wp\/v2\/media?parent=105"}],"curies":[{"name":"wp","href":"https:\/\/api.w.org\/{rel}","templated":true}]}}